{"id":1111,"date":"2024-06-20T07:53:58","date_gmt":"2024-06-20T07:53:58","guid":{"rendered":"https:\/\/kroeger-bochum.de\/?page_id=1111"},"modified":"2024-06-20T09:35:34","modified_gmt":"2024-06-20T09:35:34","slug":"impressum","status":"publish","type":"page","link":"https:\/\/kroeger-bochum.de\/index.php\/impressum\/","title":{"rendered":"Impressum"},"content":{"rendered":"\t\t<div data-elementor-type=\"wp-page\" data-elementor-id=\"1111\" class=\"elementor elementor-1111\" data-elementor-post-type=\"page\">\n\t\t\t\t<div class=\"elementor-element elementor-element-f747eb5 e-flex e-con-boxed e-con e-parent\" data-id=\"f747eb5\" data-element_type=\"container\" data-e-type=\"container\" data-settings=\"{&quot;background_background&quot;:&quot;classic&quot;}\">\n\t\t\t\t\t<div class=\"e-con-inner\">\n\t\t\t\t<div class=\"elementor-element elementor-element-8a71c5c elementor-widget elementor-widget-heading\" data-id=\"8a71c5c\" data-element_type=\"widget\" data-e-type=\"widget\" data-widget_type=\"heading.default\">\n\t\t\t\t<div class=\"elementor-widget-container\">\n\t\t\t\t\t<h2 class=\"elementor-heading-title elementor-size-default\">Impressum<\/h2>\t\t\t\t<\/div>\n\t\t\t\t<\/div>\n\t\t\t\t<div class=\"elementor-element elementor-element-81e8aea elementor-widget elementor-widget-text-editor\" data-id=\"81e8aea\" data-element_type=\"widget\" data-e-type=\"widget\" data-widget_type=\"text-editor.default\">\n\t\t\t\t<div class=\"elementor-widget-container\">\n\t\t\t\t\t\t\t\t\t<p><strong>Inhalte der Webseite kroeger-bochum.de unterliegen der Verantwortlichkeit von:<\/strong><\/p><p>Angaben gem\u00e4\u00df \u00a75TMG<\/p><p>Krankentransporte Kr\u00f6ger GmbH<br \/>Elsa-Br\u00e4ndstr\u00f6m-Str. 37<br \/>44795 Bochum<\/p><p>Handelsregister: HRB17025<br \/>Registergericht: Amtsgericht Bochum<br \/>USt ID: DE316001260<br \/>Finanzamt Bochum-Mitte, StNr.: 350\/5720\/2851<\/p><p>Vertreten durch den Gesch\u00e4ftsf\u00fchrer:<br \/>Axel Kr\u00f6ger<\/p><p><strong>Kontakt<br \/><\/strong>Telefon: 0234 941 942 0<br \/>E-Mail: info@kroeger-bochum.de<\/p>\t\t\t\t\t\t\t\t<\/div>\n\t\t\t\t<\/div>\n\t\t\t\t<div class=\"elementor-element elementor-element-33eae46 elementor-widget elementor-widget-text-editor\" data-id=\"33eae46\" data-element_type=\"widget\" data-e-type=\"widget\" data-widget_type=\"text-editor.default\">\n\t\t\t\t<div class=\"elementor-widget-container\">\n\t\t\t\t\t\t\t\t\t<div><strong>Haftung f\u00fcr Inhalte<\/strong><\/div><div>Als Diensteanbieter sind wir gem\u00e4\u00df \u00a7 7 Abs.1 TMG f\u00fcr eigene Inhalte auf diesen Seiten nach den allgemeinen Gesetzen verantwortlich. Nach \u00a7\u00a7 8 bis 10 TMG sind wir als Diensteanbieter jedoch nicht verpflichtet, \u00fcbermittelte oder gespeicherte fremde Informationen zu \u00fcberwachen oder nach Umst\u00e4nden zu forschen, die auf eine rechtswidrige T\u00e4tigkeit hinweisen.<\/div><p>Verpflichtungen zur Entfernung oder Sperrung der Nutzung von Informationen nach den allgemeinen Gesetzen bleiben hiervon unber\u00fchrt. Eine diesbez\u00fcgliche Haftung ist jedoch erst ab dem Zeitpunkt der Kenntnis einer konkreten Rechtsverletzung m\u00f6glich. Bei Bekanntwerden von entsprechenden Rechtsverletzungen werden wir diese Inhalte umgehend entfernen.<\/p>\t\t\t\t\t\t\t\t<\/div>\n\t\t\t\t<\/div>\n\t\t\t\t<div class=\"elementor-element elementor-element-d6400a2 elementor-widget elementor-widget-text-editor\" data-id=\"d6400a2\" data-element_type=\"widget\" data-e-type=\"widget\" data-widget_type=\"text-editor.default\">\n\t\t\t\t<div class=\"elementor-widget-container\">\n\t\t\t\t\t\t\t\t\t<div><strong>Haftung f\u00fcr Links<\/strong><\/div><p>Unser Angebot enth\u00e4lt Links zu externen Websites Dritter, auf deren Inhalte wir keinen Einfluss haben. Deshalb k\u00f6nnen wir f\u00fcr diese fremden Inhalte auch keine Gew\u00e4hr \u00fcbernehmen. F\u00fcr die Inhalte der verlinkten Seiten ist stets der jeweilige Anbieter oder Betreiber der Seiten verantwortlich. Die verlinkten Seiten wurden zum Zeitpunkt der Verlinkung auf m\u00f6gliche Rechtsverst\u00f6\u00dfe \u00fcberpr\u00fcft. Rechtswidrige Inhalte waren zum Zeitpunkt der Verlinkung nicht erkennbar.<\/p><p>Eine permanente inhaltliche Kontrolle der verlinkten Seiten ist jedoch ohne konkrete Anhaltspunkte einer Rechtsverletzung nicht zumutbar. Bei Bekanntwerden von Rechtsverletzungen werden wir derartige Links umgehend entfernen.<\/p>\t\t\t\t\t\t\t\t<\/div>\n\t\t\t\t<\/div>\n\t\t\t\t<div class=\"elementor-element elementor-element-66b6ee7 elementor-widget elementor-widget-text-editor\" data-id=\"66b6ee7\" data-element_type=\"widget\" data-e-type=\"widget\" data-widget_type=\"text-editor.default\">\n\t\t\t\t<div class=\"elementor-widget-container\">\n\t\t\t\t\t\t\t\t\t<p><strong>Urheberrecht<\/strong><br \/>Die durch die Seitenbetreiber erstellten Inhalte und Werke auf diesen Seiten unterliegen dem deutschen Urheberrecht. Die Vervielf\u00e4ltigung, Bearbeitung, Verbreitung und jede Art der Verwertung au\u00dferhalb der Grenzen des Urheberrechtes bed\u00fcrfen der schriftlichen Zustimmung des jeweiligen Autors bzw. Erstellers. Downloads und Kopien dieser Seite sind nur f\u00fcr den privaten, nicht kommerziellen Gebrauch gestattet.<\/p><p>Soweit die Inhalte auf dieser Seite nicht vom Betreiber erstellt wurden, werden die Urheberrechte Dritter beachtet. Insbesondere werden Inhalte Dritter als solche gekennzeichnet. Sollten Sie trotzdem auf eine Urheberrechtsverletzung aufmerksam werden, bitten wir um einen entsprechenden Hinweis. Bei Bekanntwerden von Rechtsverletzungen werden wir derartige Inhalte umgehend entfernen.<\/p>\t\t\t\t\t\t\t\t<\/div>\n\t\t\t\t<\/div>\n\t\t\t\t<div class=\"elementor-element elementor-element-de66712 elementor-widget elementor-widget-text-editor\" data-id=\"de66712\" data-element_type=\"widget\" data-e-type=\"widget\" data-widget_type=\"text-editor.default\">\n\t\t\t\t<div class=\"elementor-widget-container\">\n\t\t\t\t\t\t\t\t\t<p><strong>Widerspruch gegen Werbung<\/strong><br \/>Der Nutzung unserer Kontaktdaten zur \u00dcbersendung von nicht ausdr\u00fccklich angeforderter Werbung und Informationsmaterialien wird hiermit widersprochen. Wir behalten uns ausdr\u00fccklich rechtliche Schritte im Falle der unverlangten Zusendung von Werbeinformationen vor.<\/p>\t\t\t\t\t\t\t\t<\/div>\n\t\t\t\t<\/div>\n\t\t\t\t<div class=\"elementor-element elementor-element-c6c07ae elementor-widget elementor-widget-text-editor\" data-id=\"c6c07ae\" data-element_type=\"widget\" data-e-type=\"widget\" data-widget_type=\"text-editor.default\">\n\t\t\t\t<div class=\"elementor-widget-container\">\n\t\t\t\t\t\t\t\t\t<p><strong>Informations- und Hinweispflicht gem\u00e4\u00df \u00a7\u00a7 36, 37 VSBG<\/strong><br \/>Die europ\u00e4ische Kommission stellt eine Plattform zur Online-Streitbeilegung (OS) zur Verf\u00fcgung, die Sie unter dieser Adresse<br \/>finden: http:\/\/ec.europa.eu\/consumers\/odr\/. Zur Teilnahme an einem Streitbeilegungsverfahren vor einer Verbraucherschlichtungsstelle sind wir nicht verpflichtet und nicht bereit.<\/p>\t\t\t\t\t\t\t\t<\/div>\n\t\t\t\t<\/div>\n\t\t\t\t\t<\/div>\n\t\t\t\t<\/div>\n\t\t\t\t<\/div>\n\t\t","protected":false},"excerpt":{"rendered":"<p>Impressum Inhalte der Webseite kroeger-bochum.de unterliegen der Verantwortlichkeit von: Angaben gem\u00e4\u00df \u00a75TMG Krankentransporte Kr\u00f6ger GmbHElsa-Br\u00e4ndstr\u00f6m-Str. 3744795 Bochum Handelsregister: HRB17025Registergericht: Amtsgericht BochumUSt ID: DE316001260Finanzamt Bochum-Mitte, StNr.: 350\/5720\/2851 Vertreten durch den Gesch\u00e4ftsf\u00fchrer:Axel Kr\u00f6ger KontaktTelefon: 0234 941 942 0E-Mail: info@kroeger-bochum.de Haftung f\u00fcr InhalteAls Diensteanbieter sind wir gem\u00e4\u00df \u00a7 7 Abs.1 TMG f\u00fcr eigene Inhalte auf diesen Seiten nach &#8230; <a title=\"Impressum\" class=\"read-more\" href=\"https:\/\/kroeger-bochum.de\/index.php\/impressum\/\" aria-label=\"Mehr Informationen \u00fcber Impressum\">Weiterlesen<\/a><\/p>\n","protected":false},"author":1,"featured_media":0,"parent":0,"menu_order":0,"comment_status":"closed","ping_status":"closed","template":"","meta":{"footnotes":""},"class_list":["post-1111","page","type-page","status-publish"],"yoast_head":"<!-- This site is optimized with the Yoast SEO plugin v27.3 - https:\/\/yoast.com\/product\/yoast-seo-wordpress\/ -->\n<title>Impressum - Krankentransporte Kr\u00f6ger Bochum<\/title>\n<meta name=\"description\" content=\"Krankentransport Kr\u00f6ger Bochum - Krankentransporte Kr\u00f6ger Bochum\" \/>\n<meta name=\"robots\" content=\"index, follow, max-snippet:-1, max-image-preview:large, max-video-preview:-1\" \/>\n<link rel=\"canonical\" href=\"https:\/\/kroeger-bochum.de\/index.php\/impressum\/\" \/>\n<meta property=\"og:locale\" content=\"de_DE\" \/>\n<meta property=\"og:type\" content=\"article\" \/>\n<meta property=\"og:title\" content=\"Impressum - Krankentransporte Kr\u00f6ger Bochum\" \/>\n<meta property=\"og:description\" content=\"Krankentransport Kr\u00f6ger Bochum - Krankentransporte Kr\u00f6ger Bochum\" \/>\n<meta property=\"og:url\" content=\"https:\/\/kroeger-bochum.de\/index.php\/impressum\/\" \/>\n<meta property=\"og:site_name\" content=\"Krankentransporte Kr\u00f6ger Bochum\" \/>\n<meta property=\"article:publisher\" content=\"https:\/\/www.facebook.com\/TaxiKroger\" \/>\n<meta property=\"article:modified_time\" content=\"2024-06-20T09:35:34+00:00\" \/>\n<meta property=\"og:image\" content=\"https:\/\/kroeger-bochum.de\/wp-content\/uploads\/2024\/05\/Krankentransport-kroeger-bochum_title01.jpg\" \/>\n\t<meta property=\"og:image:width\" content=\"2560\" \/>\n\t<meta property=\"og:image:height\" content=\"1707\" \/>\n\t<meta property=\"og:image:type\" content=\"image\/jpeg\" \/>\n<meta name=\"twitter:card\" content=\"summary_large_image\" \/>\n<meta name=\"twitter:label1\" content=\"Gesch\u00e4tzte Lesezeit\" \/>\n\t<meta name=\"twitter:data1\" content=\"3\u00a0Minuten\" \/>\n<script type=\"application\/ld+json\" class=\"yoast-schema-graph\">{\"@context\":\"https:\\\/\\\/schema.org\",\"@graph\":[{\"@type\":\"WebPage\",\"@id\":\"https:\\\/\\\/kroeger-bochum.de\\\/index.php\\\/impressum\\\/\",\"url\":\"https:\\\/\\\/kroeger-bochum.de\\\/index.php\\\/impressum\\\/\",\"name\":\"Impressum - Krankentransporte Kr\u00f6ger Bochum\",\"isPartOf\":{\"@id\":\"https:\\\/\\\/kroeger-bochum.de\\\/#website\"},\"datePublished\":\"2024-06-20T07:53:58+00:00\",\"dateModified\":\"2024-06-20T09:35:34+00:00\",\"description\":\"Krankentransport Kr\u00f6ger Bochum - Krankentransporte Kr\u00f6ger Bochum\",\"breadcrumb\":{\"@id\":\"https:\\\/\\\/kroeger-bochum.de\\\/index.php\\\/impressum\\\/#breadcrumb\"},\"inLanguage\":\"de\",\"potentialAction\":[{\"@type\":\"ReadAction\",\"target\":[\"https:\\\/\\\/kroeger-bochum.de\\\/index.php\\\/impressum\\\/\"]}]},{\"@type\":\"BreadcrumbList\",\"@id\":\"https:\\\/\\\/kroeger-bochum.de\\\/index.php\\\/impressum\\\/#breadcrumb\",\"itemListElement\":[{\"@type\":\"ListItem\",\"position\":1,\"name\":\"Startseite\",\"item\":\"https:\\\/\\\/kroeger-bochum.de\\\/\"},{\"@type\":\"ListItem\",\"position\":2,\"name\":\"Impressum\"}]},{\"@type\":\"WebSite\",\"@id\":\"https:\\\/\\\/kroeger-bochum.de\\\/#website\",\"url\":\"https:\\\/\\\/kroeger-bochum.de\\\/\",\"name\":\"Krankentransporte Kr\u00f6ger Bochum\",\"description\":\"Krankentransport und Reiser\u00fcckholdienst aus Bochum\",\"publisher\":{\"@id\":\"https:\\\/\\\/kroeger-bochum.de\\\/#organization\"},\"alternateName\":\"Bochum Krankentransport Kr\u00f6ger\",\"potentialAction\":[{\"@type\":\"SearchAction\",\"target\":{\"@type\":\"EntryPoint\",\"urlTemplate\":\"https:\\\/\\\/kroeger-bochum.de\\\/?s={search_term_string}\"},\"query-input\":{\"@type\":\"PropertyValueSpecification\",\"valueRequired\":true,\"valueName\":\"search_term_string\"}}],\"inLanguage\":\"de\"},{\"@type\":\"Organization\",\"@id\":\"https:\\\/\\\/kroeger-bochum.de\\\/#organization\",\"name\":\"Krankentransporte Bochum Kr\u00f6ger\",\"alternateName\":\"Bochum Krankentransport Kr\u00f6ger\",\"url\":\"https:\\\/\\\/kroeger-bochum.de\\\/\",\"logo\":{\"@type\":\"ImageObject\",\"inLanguage\":\"de\",\"@id\":\"https:\\\/\\\/kroeger-bochum.de\\\/#\\\/schema\\\/logo\\\/image\\\/\",\"url\":\"https:\\\/\\\/kroeger-bochum.de\\\/wp-content\\\/uploads\\\/2024\\\/05\\\/cropped-LOGO-Krankentransport-Kroeger_01.png\",\"contentUrl\":\"https:\\\/\\\/kroeger-bochum.de\\\/wp-content\\\/uploads\\\/2024\\\/05\\\/cropped-LOGO-Krankentransport-Kroeger_01.png\",\"width\":260,\"height\":290,\"caption\":\"Krankentransporte Bochum Kr\u00f6ger\"},\"image\":{\"@id\":\"https:\\\/\\\/kroeger-bochum.de\\\/#\\\/schema\\\/logo\\\/image\\\/\"},\"sameAs\":[\"https:\\\/\\\/www.facebook.com\\\/TaxiKroger\"]}]}<\/script>\n<!-- \/ Yoast SEO plugin. -->","yoast_head_json":{"title":"Impressum - Krankentransporte Kr\u00f6ger Bochum","description":"Krankentransport Kr\u00f6ger Bochum - Krankentransporte Kr\u00f6ger Bochum","robots":{"index":"index","follow":"follow","max-snippet":"max-snippet:-1","max-image-preview":"max-image-preview:large","max-video-preview":"max-video-preview:-1"},"canonical":"https:\/\/kroeger-bochum.de\/index.php\/impressum\/","og_locale":"de_DE","og_type":"article","og_title":"Impressum - Krankentransporte Kr\u00f6ger Bochum","og_description":"Krankentransport Kr\u00f6ger Bochum - Krankentransporte Kr\u00f6ger Bochum","og_url":"https:\/\/kroeger-bochum.de\/index.php\/impressum\/","og_site_name":"Krankentransporte Kr\u00f6ger Bochum","article_publisher":"https:\/\/www.facebook.com\/TaxiKroger","article_modified_time":"2024-06-20T09:35:34+00:00","og_image":[{"width":2560,"height":1707,"url":"https:\/\/kroeger-bochum.de\/wp-content\/uploads\/2024\/05\/Krankentransport-kroeger-bochum_title01.jpg","type":"image\/jpeg"}],"twitter_card":"summary_large_image","twitter_misc":{"Gesch\u00e4tzte Lesezeit":"3\u00a0Minuten"},"schema":{"@context":"https:\/\/schema.org","@graph":[{"@type":"WebPage","@id":"https:\/\/kroeger-bochum.de\/index.php\/impressum\/","url":"https:\/\/kroeger-bochum.de\/index.php\/impressum\/","name":"Impressum - Krankentransporte Kr\u00f6ger Bochum","isPartOf":{"@id":"https:\/\/kroeger-bochum.de\/#website"},"datePublished":"2024-06-20T07:53:58+00:00","dateModified":"2024-06-20T09:35:34+00:00","description":"Krankentransport Kr\u00f6ger Bochum - Krankentransporte Kr\u00f6ger Bochum","breadcrumb":{"@id":"https:\/\/kroeger-bochum.de\/index.php\/impressum\/#breadcrumb"},"inLanguage":"de","potentialAction":[{"@type":"ReadAction","target":["https:\/\/kroeger-bochum.de\/index.php\/impressum\/"]}]},{"@type":"BreadcrumbList","@id":"https:\/\/kroeger-bochum.de\/index.php\/impressum\/#breadcrumb","itemListElement":[{"@type":"ListItem","position":1,"name":"Startseite","item":"https:\/\/kroeger-bochum.de\/"},{"@type":"ListItem","position":2,"name":"Impressum"}]},{"@type":"WebSite","@id":"https:\/\/kroeger-bochum.de\/#website","url":"https:\/\/kroeger-bochum.de\/","name":"Krankentransporte Kr\u00f6ger Bochum","description":"Krankentransport und Reiser\u00fcckholdienst aus Bochum","publisher":{"@id":"https:\/\/kroeger-bochum.de\/#organization"},"alternateName":"Bochum Krankentransport Kr\u00f6ger","potentialAction":[{"@type":"SearchAction","target":{"@type":"EntryPoint","urlTemplate":"https:\/\/kroeger-bochum.de\/?s={search_term_string}"},"query-input":{"@type":"PropertyValueSpecification","valueRequired":true,"valueName":"search_term_string"}}],"inLanguage":"de"},{"@type":"Organization","@id":"https:\/\/kroeger-bochum.de\/#organization","name":"Krankentransporte Bochum Kr\u00f6ger","alternateName":"Bochum Krankentransport Kr\u00f6ger","url":"https:\/\/kroeger-bochum.de\/","logo":{"@type":"ImageObject","inLanguage":"de","@id":"https:\/\/kroeger-bochum.de\/#\/schema\/logo\/image\/","url":"https:\/\/kroeger-bochum.de\/wp-content\/uploads\/2024\/05\/cropped-LOGO-Krankentransport-Kroeger_01.png","contentUrl":"https:\/\/kroeger-bochum.de\/wp-content\/uploads\/2024\/05\/cropped-LOGO-Krankentransport-Kroeger_01.png","width":260,"height":290,"caption":"Krankentransporte Bochum Kr\u00f6ger"},"image":{"@id":"https:\/\/kroeger-bochum.de\/#\/schema\/logo\/image\/"},"sameAs":["https:\/\/www.facebook.com\/TaxiKroger"]}]}},"_links":{"self":[{"href":"https:\/\/kroeger-bochum.de\/index.php\/wp-json\/wp\/v2\/pages\/1111","targetHints":{"allow":["GET"]}}],"collection":[{"href":"https:\/\/kroeger-bochum.de\/index.php\/wp-json\/wp\/v2\/pages"}],"about":[{"href":"https:\/\/kroeger-bochum.de\/index.php\/wp-json\/wp\/v2\/types\/page"}],"author":[{"embeddable":true,"href":"https:\/\/kroeger-bochum.de\/index.php\/wp-json\/wp\/v2\/users\/1"}],"replies":[{"embeddable":true,"href":"https:\/\/kroeger-bochum.de\/index.php\/wp-json\/wp\/v2\/comments?post=1111"}],"version-history":[{"count":5,"href":"https:\/\/kroeger-bochum.de\/index.php\/wp-json\/wp\/v2\/pages\/1111\/revisions"}],"predecessor-version":[{"id":1139,"href":"https:\/\/kroeger-bochum.de\/index.php\/wp-json\/wp\/v2\/pages\/1111\/revisions\/1139"}],"wp:attachment":[{"href":"https:\/\/kroeger-bochum.de\/index.php\/wp-json\/wp\/v2\/media?parent=1111"}],"curies":[{"name":"wp","href":"https:\/\/api.w.org\/{rel}","templated":true}]}}